{"id":2,"date":"2021-05-14T10:44:07","date_gmt":"2021-05-14T08:44:07","guid":{"rendered":"https:\/\/www.kodokan.sk\/?page_id=2"},"modified":"2026-03-24T22:34:08","modified_gmt":"2026-03-24T21:34:08","slug":"hlavna-stranka","status":"publish","type":"page","link":"https:\/\/www.kodokan.sk\/","title":{"rendered":"KODOKAN JUDO SLOVAKIA"},"content":{"rendered":"\n<p class=\"has-small-font-size\"><mark style=\"background-color:rgba(0, 0, 0, 0)\" class=\"has-inline-color has-black-color\"><strong>KODOKAN<\/strong><\/mark> &#8211; MIESTO PRE V\u0160ETK\u00ddCH KDE CESTA U\u010c\u00cd SA<\/p>\n\n\n\n<figure class=\"wp-block-image size-full is-resized is-style-default\"><img loading=\"lazy\" decoding=\"async\" width=\"814\" height=\"311\" src=\"https:\/\/www.kodokan.sk\/wp-content\/uploads\/2022\/08\/bsk.jpg\" alt=\"\" class=\"wp-image-152\" style=\"width:235px;height:90px\" srcset=\"https:\/\/www.kodokan.sk\/wp-content\/uploads\/2022\/08\/bsk.jpg 814w, https:\/\/www.kodokan.sk\/wp-content\/uploads\/2022\/08\/bsk-300x115.jpg 300w, https:\/\/www.kodokan.sk\/wp-content\/uploads\/2022\/08\/bsk-768x293.jpg 768w\" sizes=\"auto, (max-width: 814px) 100vw, 814px\" \/><\/figure>\n\n\n\n<h2 class=\"wp-block-heading\" id=\"pezinok-kodokan-dojo\"><img loading=\"lazy\" decoding=\"async\" width=\"50\" height=\"46\" class=\"wp-image-268\" style=\"width: 50px;\" src=\"https:\/\/www.kodokan.sk\/wp-content\/uploads\/2025\/09\/kodokan-dojo-PEZINOK-scaled.png\" alt=\"kodokan dojo PEZINOK\" srcset=\"https:\/\/www.kodokan.sk\/wp-content\/uploads\/2025\/09\/kodokan-dojo-PEZINOK-scaled.png 2560w, https:\/\/www.kodokan.sk\/wp-content\/uploads\/2025\/09\/kodokan-dojo-PEZINOK-300x274.png 300w, https:\/\/www.kodokan.sk\/wp-content\/uploads\/2025\/09\/kodokan-dojo-PEZINOK-1024x935.png 1024w, https:\/\/www.kodokan.sk\/wp-content\/uploads\/2025\/09\/kodokan-dojo-PEZINOK-768x702.png 768w, https:\/\/www.kodokan.sk\/wp-content\/uploads\/2025\/09\/kodokan-dojo-PEZINOK-1536x1403.png 1536w, https:\/\/www.kodokan.sk\/wp-content\/uploads\/2025\/09\/kodokan-dojo-PEZINOK-2048x1871.png 2048w\" sizes=\"auto, (max-width: 50px) 100vw, 50px\" \/><strong>PEZINOK KODOKAN DOJO<\/strong><\/h2>\n\n\n\n<h2 class=\"wp-block-heading\" id=\"senkvice-kodokan-dojo\" style=\"font-size:27px\"><img loading=\"lazy\" decoding=\"async\" width=\"50\" height=\"46\" class=\"wp-image-267\" style=\"width: 50px;\" src=\"https:\/\/www.kodokan.sk\/wp-content\/uploads\/2025\/09\/kodokan-dojo-MODRA-scaled.png\" alt=\"\" srcset=\"https:\/\/www.kodokan.sk\/wp-content\/uploads\/2025\/09\/kodokan-dojo-MODRA-scaled.png 2560w, https:\/\/www.kodokan.sk\/wp-content\/uploads\/2025\/09\/kodokan-dojo-MODRA-300x274.png 300w, https:\/\/www.kodokan.sk\/wp-content\/uploads\/2025\/09\/kodokan-dojo-MODRA-1024x935.png 1024w, https:\/\/www.kodokan.sk\/wp-content\/uploads\/2025\/09\/kodokan-dojo-MODRA-768x702.png 768w, https:\/\/www.kodokan.sk\/wp-content\/uploads\/2025\/09\/kodokan-dojo-MODRA-1536x1403.png 1536w, https:\/\/www.kodokan.sk\/wp-content\/uploads\/2025\/09\/kodokan-dojo-MODRA-2048x1871.png 2048w\" sizes=\"auto, (max-width: 50px) 100vw, 50px\" \/><strong>MODRA KODOKAN DOJO<\/strong><\/h2>\n\n\n\n<h2 class=\"wp-block-heading\"><img loading=\"lazy\" decoding=\"async\" width=\"50\" height=\"46\" class=\"wp-image-270\" style=\"width: 50px;\" src=\"https:\/\/www.kodokan.sk\/wp-content\/uploads\/2025\/09\/kodokan-dojo-SENKVICE-scaled.png\" alt=\"\" srcset=\"https:\/\/www.kodokan.sk\/wp-content\/uploads\/2025\/09\/kodokan-dojo-SENKVICE-scaled.png 2560w, https:\/\/www.kodokan.sk\/wp-content\/uploads\/2025\/09\/kodokan-dojo-SENKVICE-300x274.png 300w, https:\/\/www.kodokan.sk\/wp-content\/uploads\/2025\/09\/kodokan-dojo-SENKVICE-1024x935.png 1024w, https:\/\/www.kodokan.sk\/wp-content\/uploads\/2025\/09\/kodokan-dojo-SENKVICE-768x702.png 768w, https:\/\/www.kodokan.sk\/wp-content\/uploads\/2025\/09\/kodokan-dojo-SENKVICE-1536x1403.png 1536w, https:\/\/www.kodokan.sk\/wp-content\/uploads\/2025\/09\/kodokan-dojo-SENKVICE-2048x1871.png 2048w\" sizes=\"auto, (max-width: 50px) 100vw, 50px\" \/><strong>\u0160ENKVICE KODOKAN DOJO<\/strong><\/h2>\n\n\n\n<h2 class=\"wp-block-heading\" id=\"senkvice-kodokan-dojo\"><img loading=\"lazy\" decoding=\"async\" width=\"50\" height=\"46\" class=\"wp-image-266\" style=\"width: 50px;\" src=\"https:\/\/www.kodokan.sk\/wp-content\/uploads\/2025\/09\/kodokan-dojo-Bahon-scaled.png\" alt=\"\" srcset=\"https:\/\/www.kodokan.sk\/wp-content\/uploads\/2025\/09\/kodokan-dojo-Bahon-scaled.png 2560w, https:\/\/www.kodokan.sk\/wp-content\/uploads\/2025\/09\/kodokan-dojo-Bahon-300x274.png 300w, https:\/\/www.kodokan.sk\/wp-content\/uploads\/2025\/09\/kodokan-dojo-Bahon-1024x935.png 1024w, https:\/\/www.kodokan.sk\/wp-content\/uploads\/2025\/09\/kodokan-dojo-Bahon-768x701.png 768w, https:\/\/www.kodokan.sk\/wp-content\/uploads\/2025\/09\/kodokan-dojo-Bahon-1536x1403.png 1536w, https:\/\/www.kodokan.sk\/wp-content\/uploads\/2025\/09\/kodokan-dojo-Bahon-2048x1870.png 2048w\" sizes=\"auto, (max-width: 50px) 100vw, 50px\" \/><strong>B\u00c1HO\u0147 KODOKAN DOJO<\/strong> &#8211; do\u010dasne zatvoren\u00e9<\/h2>\n\n\n\n<p style=\"font-size:27px\"><img loading=\"lazy\" decoding=\"async\" width=\"50\" height=\"46\" class=\"wp-image-332\" style=\"width: 50px;\" src=\"https:\/\/www.kodokan.sk\/wp-content\/uploads\/2026\/03\/KODOKAN-hviezdy-simboly-a-logo-2026.png\" alt=\"\" srcset=\"https:\/\/www.kodokan.sk\/wp-content\/uploads\/2026\/03\/KODOKAN-hviezdy-simboly-a-logo-2026.png 1140w, https:\/\/www.kodokan.sk\/wp-content\/uploads\/2026\/03\/KODOKAN-hviezdy-simboly-a-logo-2026-300x274.png 300w, https:\/\/www.kodokan.sk\/wp-content\/uploads\/2026\/03\/KODOKAN-hviezdy-simboly-a-logo-2026-1024x935.png 1024w, https:\/\/www.kodokan.sk\/wp-content\/uploads\/2026\/03\/KODOKAN-hviezdy-simboly-a-logo-2026-768x701.png 768w\" sizes=\"auto, (max-width: 50px) 100vw, 50px\" \/><strong>C\u00cdFER KODOKAN DOJO<\/strong><\/p>\n\n\n\n<h1 class=\"wp-block-heading\" id=\"pezinska-baba-kodokan-dojo-a-skoliace-centrum\" style=\"font-size:25px\"><img loading=\"lazy\" decoding=\"async\" width=\"50\" height=\"46\" class=\"wp-image-269\" style=\"width: 50px;\" src=\"https:\/\/www.kodokan.sk\/wp-content\/uploads\/2025\/09\/kodokan-dojo-PEZINSKA-BABA-scaled.png\" alt=\"\" srcset=\"https:\/\/www.kodokan.sk\/wp-content\/uploads\/2025\/09\/kodokan-dojo-PEZINSKA-BABA-scaled.png 2560w, https:\/\/www.kodokan.sk\/wp-content\/uploads\/2025\/09\/kodokan-dojo-PEZINSKA-BABA-300x274.png 300w, https:\/\/www.kodokan.sk\/wp-content\/uploads\/2025\/09\/kodokan-dojo-PEZINSKA-BABA-1024x935.png 1024w, https:\/\/www.kodokan.sk\/wp-content\/uploads\/2025\/09\/kodokan-dojo-PEZINSKA-BABA-768x701.png 768w, https:\/\/www.kodokan.sk\/wp-content\/uploads\/2025\/09\/kodokan-dojo-PEZINSKA-BABA-1536x1403.png 1536w, https:\/\/www.kodokan.sk\/wp-content\/uploads\/2025\/09\/kodokan-dojo-PEZINSKA-BABA-2048x1870.png 2048w\" sizes=\"auto, (max-width: 50px) 100vw, 50px\" \/><strong>PEZINSK\u00c1 BABA KODOKAN DOJO, TR\u00c9NINGOV\u00c9, \u0160KOLIACE a REKONVALESCEN\u010cN\u00c9 CENTRUM<\/strong><\/h1>\n\n\n\n<figure class=\"wp-block-image size-large\"><img loading=\"lazy\" decoding=\"async\" width=\"742\" height=\"1024\" src=\"https:\/\/www.kodokan.sk\/wp-content\/uploads\/2026\/03\/kodokan-judo-letne-sustredenie-2026-742x1024.jpg\" alt=\"\" class=\"wp-image-337\" srcset=\"https:\/\/www.kodokan.sk\/wp-content\/uploads\/2026\/03\/kodokan-judo-letne-sustredenie-2026-742x1024.jpg 742w, https:\/\/www.kodokan.sk\/wp-content\/uploads\/2026\/03\/kodokan-judo-letne-sustredenie-2026-217x300.jpg 217w, https:\/\/www.kodokan.sk\/wp-content\/uploads\/2026\/03\/kodokan-judo-letne-sustredenie-2026-768x1060.jpg 768w, https:\/\/www.kodokan.sk\/wp-content\/uploads\/2026\/03\/kodokan-judo-letne-sustredenie-2026-1113x1536.jpg 1113w, https:\/\/www.kodokan.sk\/wp-content\/uploads\/2026\/03\/kodokan-judo-letne-sustredenie-2026-1483x2048.jpg 1483w, https:\/\/www.kodokan.sk\/wp-content\/uploads\/2026\/03\/kodokan-judo-letne-sustredenie-2026-scaled.jpg 1854w\" sizes=\"auto, (max-width: 742px) 100vw, 742px\" \/><\/figure>\n\n\n\n<p><\/p>\n","protected":false},"excerpt":{"rendered":"<p>KODOKAN &#8211; MIESTO PRE V\u0160ETK\u00ddCH KDE CESTA U\u010c\u00cd SA PEZINOK KODOKAN DOJO MODRA KODOKAN DOJO \u0160ENKVICE KODOKAN DOJO B\u00c1HO\u0147 KODOKAN DOJO &#8211; do\u010dasne zatvoren\u00e9 C\u00cdFER KODOKAN DOJO PEZINSK\u00c1 BABA KODOKAN DOJO, TR\u00c9NINGOV\u00c9, \u0160KOLIACE a REKONVALESCEN\u010cN\u00c9 CENTRUM<\/p>\n","protected":false},"author":1,"featured_media":328,"parent":0,"menu_order":0,"comment_status":"closed","ping_status":"closed","template":"","meta":{"footnotes":""},"class_list":["post-2","page","type-page","status-publish","has-post-thumbnail","hentry"],"_links":{"self":[{"href":"https:\/\/www.kodokan.sk\/index.php\/wp-json\/wp\/v2\/pages\/2","targetHints":{"allow":["GET"]}}],"collection":[{"href":"https:\/\/www.kodokan.sk\/index.php\/wp-json\/wp\/v2\/pages"}],"about":[{"href":"https:\/\/www.kodokan.sk\/index.php\/wp-json\/wp\/v2\/types\/page"}],"author":[{"embeddable":true,"href":"https:\/\/www.kodokan.sk\/index.php\/wp-json\/wp\/v2\/users\/1"}],"replies":[{"embeddable":true,"href":"https:\/\/www.kodokan.sk\/index.php\/wp-json\/wp\/v2\/comments?post=2"}],"version-history":[{"count":35,"href":"https:\/\/www.kodokan.sk\/index.php\/wp-json\/wp\/v2\/pages\/2\/revisions"}],"predecessor-version":[{"id":340,"href":"https:\/\/www.kodokan.sk\/index.php\/wp-json\/wp\/v2\/pages\/2\/revisions\/340"}],"wp:featuredmedia":[{"embeddable":true,"href":"https:\/\/www.kodokan.sk\/index.php\/wp-json\/wp\/v2\/media\/328"}],"wp:attachment":[{"href":"https:\/\/www.kodokan.sk\/index.php\/wp-json\/wp\/v2\/media?parent=2"}],"curies":[{"name":"wp","href":"https:\/\/api.w.org\/{rel}","templated":true}]}}