{"id":223,"date":"2024-08-26T01:40:44","date_gmt":"2024-08-25T23:40:44","guid":{"rendered":"https:\/\/www.kodokan.sk\/?page_id=223"},"modified":"2026-03-19T23:18:41","modified_gmt":"2026-03-19T22:18:41","slug":"prihlaska","status":"publish","type":"page","link":"https:\/\/www.kodokan.sk\/index.php\/prihlaska\/","title":{"rendered":"REGISTR\u00c1CIA a N\u00c1BOR"},"content":{"rendered":"\n<p>Kurzy v \u0161kolskom roku 2025\/2026  za\u010d\u00ednaj\u00fa u\u017e od 1. 9. 2025.<\/p>\n\n\n\n<p>N\u00e1bor prebieha celoro\u010dne v ktoromko\u013evek DOJO. V pr\u00edpade ot\u00e1zok p\u00ed\u0161te na kodokan@kodokan.sk .<\/p>\n\n\n\n<p>Ka\u017ed\u00e9 die\u0165a si m\u00f4\u017ee vysk\u00fa\u0161a\u0165 tr\u00e9ning zdarma.<\/p>\n\n\n\n<p>AKTU\u00c1LNE od 30. 03. 2026 za\u010d\u00edname aj v C\u00edferi v malej telocvi\u010dni Z\u0160.<\/p>\n\n\n\n<figure class=\"wp-block-image size-large\"><img loading=\"lazy\" decoding=\"async\" width=\"740\" height=\"1024\" src=\"https:\/\/www.kodokan.sk\/wp-content\/uploads\/2026\/03\/kodokan-judo-nabor-2026-740x1024.jpg\" alt=\"\" class=\"wp-image-323\" srcset=\"https:\/\/www.kodokan.sk\/wp-content\/uploads\/2026\/03\/kodokan-judo-nabor-2026-740x1024.jpg 740w, https:\/\/www.kodokan.sk\/wp-content\/uploads\/2026\/03\/kodokan-judo-nabor-2026-217x300.jpg 217w, https:\/\/www.kodokan.sk\/wp-content\/uploads\/2026\/03\/kodokan-judo-nabor-2026-768x1063.jpg 768w, https:\/\/www.kodokan.sk\/wp-content\/uploads\/2026\/03\/kodokan-judo-nabor-2026-1110x1536.jpg 1110w, https:\/\/www.kodokan.sk\/wp-content\/uploads\/2026\/03\/kodokan-judo-nabor-2026-1480x2048.jpg 1480w, https:\/\/www.kodokan.sk\/wp-content\/uploads\/2026\/03\/kodokan-judo-nabor-2026-scaled.jpg 1850w\" sizes=\"auto, (max-width: 740px) 100vw, 740px\" \/><\/figure>\n<script data-embedded_by='zoozawp' data-version='v1' data-widget-id='zooza' id='LKSk2lq1XJ' type='text\/javascript'>\n( function() {\nfunction async_load(){\n\tvar s = document.createElement('script'); s.type = 'text\/javascript'; s.async = true;\n\tvar url = 'https:\/\/api.zooza.app\/widgets\/v1\/';\n\ts.src = url + ( url.indexOf( '?' ) >= 0 ? '&' : '?' ) + 'ref=' + encodeURIComponent( window.location.href ) + '&type=registration_new';\n\tvar embedder = document.getElementById( 'LKSk2lq1XJ' );\n\tembedder.parentNode.insertBefore( s, embedder );\n}\nif ( window.attachEvent ) {\n\twindow.attachEvent( 'onload', async_load );\n} else {\n\twindow.addEventListener( 'load', async_load, false );\n}\n} )();\n<\/script>","protected":false},"excerpt":{"rendered":"<p>Kurzy v \u0161kolskom roku 2025\/2026 za\u010d\u00ednaj\u00fa u\u017e od 1. 9. 2025. N\u00e1bor prebieha celoro\u010dne v ktoromko\u013evek DOJO. V pr\u00edpade ot\u00e1zok p\u00ed\u0161te na kodokan@kodokan.sk . Ka\u017ed\u00e9 die\u0165a si m\u00f4\u017ee vysk\u00fa\u0161a\u0165 tr\u00e9ning zdarma. AKTU\u00c1LNE od 30. 03. 2026 za\u010d\u00edname aj v C\u00edferi v malej telocvi\u010dni Z\u0160.<\/p>\n","protected":false},"author":1,"featured_media":0,"parent":0,"menu_order":0,"comment_status":"closed","ping_status":"closed","template":"","meta":{"footnotes":""},"class_list":["post-223","page","type-page","status-publish","hentry"],"_links":{"self":[{"href":"https:\/\/www.kodokan.sk\/index.php\/wp-json\/wp\/v2\/pages\/223","targetHints":{"allow":["GET"]}}],"collection":[{"href":"https:\/\/www.kodokan.sk\/index.php\/wp-json\/wp\/v2\/pages"}],"about":[{"href":"https:\/\/www.kodokan.sk\/index.php\/wp-json\/wp\/v2\/types\/page"}],"author":[{"embeddable":true,"href":"https:\/\/www.kodokan.sk\/index.php\/wp-json\/wp\/v2\/users\/1"}],"replies":[{"embeddable":true,"href":"https:\/\/www.kodokan.sk\/index.php\/wp-json\/wp\/v2\/comments?post=223"}],"version-history":[{"count":7,"href":"https:\/\/www.kodokan.sk\/index.php\/wp-json\/wp\/v2\/pages\/223\/revisions"}],"predecessor-version":[{"id":324,"href":"https:\/\/www.kodokan.sk\/index.php\/wp-json\/wp\/v2\/pages\/223\/revisions\/324"}],"wp:attachment":[{"href":"https:\/\/www.kodokan.sk\/index.php\/wp-json\/wp\/v2\/media?parent=223"}],"curies":[{"name":"wp","href":"https:\/\/api.w.org\/{rel}","templated":true}]}}